{"id":2025,"date":"2022-01-04T11:47:23","date_gmt":"2022-01-04T11:47:23","guid":{"rendered":"https:\/\/nestorlizalde.com\/?page_id=2025"},"modified":"2026-04-02T20:14:42","modified_gmt":"2026-04-02T18:14:42","slug":"archivo","status":"publish","type":"page","link":"https:\/\/nestorlizalde.com\/en\/archivo\/","title":{"rendered":"Archive"},"content":{"rendered":"","protected":false},"excerpt":{"rendered":"","protected":false},"author":2,"featured_media":0,"parent":0,"menu_order":8,"comment_status":"closed","ping_status":"closed","template":"","meta":[],"class_list":["post-2025","page","type-page","status-publish","hentry"],"yoast_head":"<!-- This site is optimized with the Yoast SEO plugin v27.4 - https:\/\/yoast.com\/product\/yoast-seo-wordpress\/ -->\n<title>Archive - N\u00e9stor Lizalde<\/title>\n<meta name=\"description\" content=\"Archivo de obras de N\u00e9stor Lizalde. Instalaciones, esculturas electr\u00f3nicas y proyectos de arte p\u00fablico desde 2005 hasta la actualidad\" \/>\n<meta name=\"robots\" content=\"index, follow, max-snippet:-1, max-image-preview:large, max-video-preview:-1\" \/>\n<link rel=\"canonical\" href=\"https:\/\/nestorlizalde.com\/en\/archivo\/\" \/>\n<meta property=\"og:locale\" content=\"en_US\" \/>\n<meta property=\"og:type\" content=\"article\" \/>\n<meta property=\"og:title\" content=\"Archive - N\u00e9stor Lizalde\" \/>\n<meta property=\"og:description\" content=\"Archivo de obras de N\u00e9stor Lizalde. Instalaciones, esculturas electr\u00f3nicas y proyectos de arte p\u00fablico desde 2005 hasta la actualidad\" \/>\n<meta property=\"og:url\" content=\"https:\/\/nestorlizalde.com\/en\/archivo\/\" \/>\n<meta property=\"og:site_name\" content=\"N\u00e9stor Lizalde\" \/>\n<meta property=\"article:modified_time\" content=\"2026-04-02T18:14:42+00:00\" \/>\n<meta name=\"twitter:card\" content=\"summary_large_image\" \/>\n<script type=\"application\/ld+json\" class=\"yoast-schema-graph\">{\"@context\":\"https:\\\/\\\/schema.org\",\"@graph\":[{\"@type\":\"WebPage\",\"@id\":\"https:\\\/\\\/nestorlizalde.com\\\/en\\\/archivo\\\/\",\"url\":\"https:\\\/\\\/nestorlizalde.com\\\/en\\\/archivo\\\/\",\"name\":\"Archive - N\u00e9stor Lizalde\",\"isPartOf\":{\"@id\":\"https:\\\/\\\/nestorlizalde.com\\\/en\\\/#website\"},\"datePublished\":\"2022-01-04T11:47:23+00:00\",\"dateModified\":\"2026-04-02T18:14:42+00:00\",\"description\":\"Archivo de obras de N\u00e9stor Lizalde. Instalaciones, esculturas electr\u00f3nicas y proyectos de arte p\u00fablico desde 2005 hasta la actualidad\",\"breadcrumb\":{\"@id\":\"https:\\\/\\\/nestorlizalde.com\\\/en\\\/archivo\\\/#breadcrumb\"},\"inLanguage\":\"en-US\",\"potentialAction\":[{\"@type\":\"ReadAction\",\"target\":[[\"https:\\\/\\\/nestorlizalde.com\\\/en\\\/archivo\\\/\"]]}]},{\"@type\":\"BreadcrumbList\",\"@id\":\"https:\\\/\\\/nestorlizalde.com\\\/en\\\/archivo\\\/#breadcrumb\",\"itemListElement\":[{\"@type\":\"ListItem\",\"position\":1,\"name\":\"Portada\",\"item\":\"https:\\\/\\\/nestorlizalde.com\\\/en\\\/\"},{\"@type\":\"ListItem\",\"position\":2,\"name\":\"Archivo\"}]},{\"@type\":\"WebSite\",\"@id\":\"https:\\\/\\\/nestorlizalde.com\\\/en\\\/#website\",\"url\":\"https:\\\/\\\/nestorlizalde.com\\\/en\\\/\",\"name\":\"nestorlizalde.com\",\"description\":\"New media\",\"publisher\":{\"@id\":\"https:\\\/\\\/nestorlizalde.com\\\/en\\\/#\\\/schema\\\/person\\\/bf4ecfed437bdc215afc7e60af31541d\"},\"potentialAction\":[{\"@type\":\"SearchAction\",\"target\":{\"@type\":\"EntryPoint\",\"urlTemplate\":\"https:\\\/\\\/nestorlizalde.com\\\/en\\\/?s={search_term_string}\"},\"query-input\":{\"@type\":\"PropertyValueSpecification\",\"valueRequired\":true,\"valueName\":\"search_term_string\"}}],\"inLanguage\":\"en-US\"},{\"@type\":[\"Person\",\"Organization\"],\"@id\":\"https:\\\/\\\/nestorlizalde.com\\\/en\\\/#\\\/schema\\\/person\\\/bf4ecfed437bdc215afc7e60af31541d\",\"name\":\"N\u00e9stor Lizalde\",\"image\":{\"@type\":\"ImageObject\",\"inLanguage\":\"en-US\",\"@id\":\"https:\\\/\\\/nestorlizalde.com\\\/wp-content\\\/uploads\\\/2024\\\/05\\\/retratroCuadrado_3.jpg\",\"url\":\"https:\\\/\\\/nestorlizalde.com\\\/wp-content\\\/uploads\\\/2024\\\/05\\\/retratroCuadrado_3.jpg\",\"contentUrl\":\"https:\\\/\\\/nestorlizalde.com\\\/wp-content\\\/uploads\\\/2024\\\/05\\\/retratroCuadrado_3.jpg\",\"width\":1456,\"height\":1456,\"caption\":\"N\u00e9stor Lizalde\"},\"logo\":{\"@id\":\"https:\\\/\\\/nestorlizalde.com\\\/wp-content\\\/uploads\\\/2024\\\/05\\\/retratroCuadrado_3.jpg\"},\"sameAs\":[\"https:\\\/\\\/www.nestorlizalde.com\"]}]}<\/script>\n<!-- \/ Yoast SEO plugin. -->","yoast_head_json":{"title":"Archive - N\u00e9stor Lizalde","description":"Archivo de obras de N\u00e9stor Lizalde. Instalaciones, esculturas electr\u00f3nicas y proyectos de arte p\u00fablico desde 2005 hasta la actualidad","robots":{"index":"index","follow":"follow","max-snippet":"max-snippet:-1","max-image-preview":"max-image-preview:large","max-video-preview":"max-video-preview:-1"},"canonical":"https:\/\/nestorlizalde.com\/en\/archivo\/","og_locale":"en_US","og_type":"article","og_title":"Archive - N\u00e9stor Lizalde","og_description":"Archivo de obras de N\u00e9stor Lizalde. Instalaciones, esculturas electr\u00f3nicas y proyectos de arte p\u00fablico desde 2005 hasta la actualidad","og_url":"https:\/\/nestorlizalde.com\/en\/archivo\/","og_site_name":"N\u00e9stor Lizalde","article_modified_time":"2026-04-02T18:14:42+00:00","twitter_card":"summary_large_image","schema":{"@context":"https:\/\/schema.org","@graph":[{"@type":"WebPage","@id":"https:\/\/nestorlizalde.com\/en\/archivo\/","url":"https:\/\/nestorlizalde.com\/en\/archivo\/","name":"Archive - N\u00e9stor Lizalde","isPartOf":{"@id":"https:\/\/nestorlizalde.com\/en\/#website"},"datePublished":"2022-01-04T11:47:23+00:00","dateModified":"2026-04-02T18:14:42+00:00","description":"Archivo de obras de N\u00e9stor Lizalde. Instalaciones, esculturas electr\u00f3nicas y proyectos de arte p\u00fablico desde 2005 hasta la actualidad","breadcrumb":{"@id":"https:\/\/nestorlizalde.com\/en\/archivo\/#breadcrumb"},"inLanguage":"en-US","potentialAction":[{"@type":"ReadAction","target":[["https:\/\/nestorlizalde.com\/en\/archivo\/"]]}]},{"@type":"BreadcrumbList","@id":"https:\/\/nestorlizalde.com\/en\/archivo\/#breadcrumb","itemListElement":[{"@type":"ListItem","position":1,"name":"Portada","item":"https:\/\/nestorlizalde.com\/en\/"},{"@type":"ListItem","position":2,"name":"Archivo"}]},{"@type":"WebSite","@id":"https:\/\/nestorlizalde.com\/en\/#website","url":"https:\/\/nestorlizalde.com\/en\/","name":"nestorlizalde.com","description":"New media","publisher":{"@id":"https:\/\/nestorlizalde.com\/en\/#\/schema\/person\/bf4ecfed437bdc215afc7e60af31541d"},"potentialAction":[{"@type":"SearchAction","target":{"@type":"EntryPoint","urlTemplate":"https:\/\/nestorlizalde.com\/en\/?s={search_term_string}"},"query-input":{"@type":"PropertyValueSpecification","valueRequired":true,"valueName":"search_term_string"}}],"inLanguage":"en-US"},{"@type":["Person","Organization"],"@id":"https:\/\/nestorlizalde.com\/en\/#\/schema\/person\/bf4ecfed437bdc215afc7e60af31541d","name":"N\u00e9stor Lizalde","image":{"@type":"ImageObject","inLanguage":"en-US","@id":"https:\/\/nestorlizalde.com\/wp-content\/uploads\/2024\/05\/retratroCuadrado_3.jpg","url":"https:\/\/nestorlizalde.com\/wp-content\/uploads\/2024\/05\/retratroCuadrado_3.jpg","contentUrl":"https:\/\/nestorlizalde.com\/wp-content\/uploads\/2024\/05\/retratroCuadrado_3.jpg","width":1456,"height":1456,"caption":"N\u00e9stor Lizalde"},"logo":{"@id":"https:\/\/nestorlizalde.com\/wp-content\/uploads\/2024\/05\/retratroCuadrado_3.jpg"},"sameAs":["https:\/\/www.nestorlizalde.com"]}]}},"grid":"{\"colCount\":12,\"colGutter\":1,\"rowGutters\":[],\"frameMargin\":5,\"leftFrameMargin\":5,\"rightFrameMargin\":5,\"topFrameMargin\":15,\"bottomFrameMargin\":0,\"rowAttrs\":[{\"relid\":1}],\"bgColor\":\"#000000\",\"cont\":[{\"type\":\"projectindex\",\"cont\":\"\",\"align\":\"top\",\"row\":0,\"col\":0,\"colspan\":12,\"offsetx\":0,\"offsety\":0,\"spaceabove\":0,\"spacebelow\":0,\"yvel\":1,\"push\":0,\"relid\":5,\"config\":{\"desktop\":{\"sortedColumns\":[{\"name\":\"title\",\"visible\":true},{\"name\":\"categories\",\"visible\":true},{\"name\":\"tags\",\"visible\":false},{\"name\":\"year\",\"visible\":true}],\"titleWidth\":\"\",\"categoriesWidth\":\"\",\"tagsWidth\":\"\",\"yearWidth\":\"\"},\"tablet\":{\"sortedColumns\":[{\"name\":\"title\",\"visible\":true},{\"name\":\"categories\",\"visible\":true},{\"name\":\"tags\",\"visible\":false},{\"name\":\"year\",\"visible\":true}],\"titleWidth\":\"\",\"categoriesWidth\":\"\",\"tagsWidth\":\"\",\"yearWidth\":\"\"},\"phone\":{\"sortedColumns\":[{\"name\":\"title\",\"visible\":true},{\"name\":\"categories\",\"visible\":false},{\"name\":\"tags\",\"visible\":false},{\"name\":\"year\",\"visible\":true}],\"titleWidth\":\"\",\"categoriesWidth\":\"\",\"tagsWidth\":\"\",\"yearWidth\":\"\"},\"category\":\"\",\"orderBy\":\"date\",\"order\":\"DESC\",\"sortedCategories\":[{\"term_id\":1,\"name\":\"Trabajos Selecionados\",\"visible\":true},{\"term_id\":2,\"name\":\"Archivo\",\"visible\":true}],\"sortedTags\":[],\"textformat\":\"Default\",\"spaceTopBottom\":5,\"lineStrokeWidth\":1,\"lineColor\":\"#ffffff\",\"textColor\":\"#ffffff\",\"filterColor\":\"#000000\",\"doHoverColor\":false,\"doBgHoverColor\":false,\"hoverColor\":\"#000000\",\"bgHoverColor\":\"#f9f9f9\",\"activeColor\":\"#f9f9f9\",\"useImageHover\":true,\"doFilterHoverColor\":false,\"filterHoverColor\":\"#000000\",\"showFilters\":true,\"filtersTextformat\":\"Default_gris\",\"yearFilterText\":\"Year\",\"tagsFilterText\":\"Tags\",\"categoriesFilterText\":\"Categories\",\"titleFilterText\":\"Proyect\",\"uniqueId\":1641308985985,\"style\":\"table\"},\"frameOverflow\":\"\"}]}","phonegrid":"{\"colCount\":12,\"colGutter\":1,\"rowGutters\":[],\"frameMargin\":5,\"leftFrameMargin\":5,\"rightFrameMargin\":5,\"topFrameMargin\":5,\"bottomFrameMargin\":5,\"rowAttrs\":[[]],\"bgColor\":null,\"cont\":[{\"type\":\"projectindex\",\"cont\":\"\",\"align\":\"bottom\",\"row\":0,\"col\":0,\"colspan\":12,\"offsetx\":0,\"offsety\":0,\"spaceabove\":0,\"spacebelow\":0,\"yvel\":1,\"push\":0,\"relid\":5,\"config\":{\"desktop\":{\"sortedColumns\":[{\"name\":\"title\",\"visible\":true},{\"name\":\"categories\",\"visible\":true},{\"name\":\"tags\",\"visible\":false},{\"name\":\"year\",\"visible\":true}],\"titleWidth\":\"\",\"categoriesWidth\":\"\",\"tagsWidth\":\"\",\"yearWidth\":\"\"},\"tablet\":{\"sortedColumns\":[{\"name\":\"title\",\"visible\":true},{\"name\":\"categories\",\"visible\":true},{\"name\":\"tags\",\"visible\":false},{\"name\":\"year\",\"visible\":true}],\"titleWidth\":\"\",\"categoriesWidth\":\"\",\"tagsWidth\":\"\",\"yearWidth\":\"\"},\"phone\":{\"sortedColumns\":[{\"name\":\"title\",\"visible\":true},{\"name\":\"categories\",\"visible\":false},{\"name\":\"tags\",\"visible\":false},{\"name\":\"year\",\"visible\":true}],\"titleWidth\":\"\",\"categoriesWidth\":\"\",\"tagsWidth\":\"\",\"yearWidth\":\"\"},\"category\":\"\",\"orderBy\":\"date\",\"order\":\"DESC\",\"sortedCategories\":[{\"term_id\":1,\"name\":\"Trabajos Selecionados\",\"visible\":true},{\"term_id\":2,\"name\":\"Archivo\",\"visible\":true}],\"sortedTags\":[],\"textformat\":\"Default\",\"spaceTopBottom\":5,\"lineStrokeWidth\":1,\"lineColor\":\"#ffffff\",\"textColor\":\"#ffffff\",\"filterColor\":\"#000000\",\"doHoverColor\":false,\"doBgHoverColor\":false,\"hoverColor\":\"#000000\",\"bgHoverColor\":\"#f9f9f9\",\"activeColor\":\"#f9f9f9\",\"useImageHover\":true,\"doFilterHoverColor\":false,\"filterHoverColor\":\"#000000\",\"showFilters\":true,\"filtersTextformat\":\"Default_gris\",\"yearFilterText\":\"Year\",\"tagsFilterText\":\"Tags\",\"categoriesFilterText\":\"Categories\",\"titleFilterText\":\"Proyect\",\"uniqueId\":1641308985985,\"style\":\"table\"},\"frameOverflow\":\"\"}]}","_links":{"self":[{"href":"https:\/\/nestorlizalde.com\/en\/wp-json\/wp\/v2\/pages\/2025","targetHints":{"allow":["GET"]}}],"collection":[{"href":"https:\/\/nestorlizalde.com\/en\/wp-json\/wp\/v2\/pages"}],"about":[{"href":"https:\/\/nestorlizalde.com\/en\/wp-json\/wp\/v2\/types\/page"}],"author":[{"embeddable":true,"href":"https:\/\/nestorlizalde.com\/en\/wp-json\/wp\/v2\/users\/2"}],"replies":[{"embeddable":true,"href":"https:\/\/nestorlizalde.com\/en\/wp-json\/wp\/v2\/comments?post=2025"}],"version-history":[{"count":0,"href":"https:\/\/nestorlizalde.com\/en\/wp-json\/wp\/v2\/pages\/2025\/revisions"}],"wp:attachment":[{"href":"https:\/\/nestorlizalde.com\/en\/wp-json\/wp\/v2\/media?parent=2025"}],"curies":[{"name":"wp","href":"https:\/\/api.w.org\/{rel}","templated":true}]}}