{"id":5,"date":"2018-09-12T06:15:32","date_gmt":"2018-09-12T06:15:32","guid":{"rendered":"https:\/\/sgwpdemo.com\/default\/?page_id=5"},"modified":"2026-04-02T20:15:14","modified_gmt":"2026-04-02T18:15:14","slug":"contact-us","status":"publish","type":"page","link":"https:\/\/nestorlizalde.com\/en\/contact-us\/","title":{"rendered":"Contact"},"content":{"rendered":"<p>[wpforms id=&#8221;2000&#8243; title=&#8221;false&#8221; description=&#8221;false&#8221;]<\/p>\n","protected":false},"excerpt":{"rendered":"<p>[wpforms id=&#8221;2000&#8243; title=&#8221;false&#8221; description=&#8221;false&#8221;]<\/p>\n","protected":false},"author":2,"featured_media":0,"parent":0,"menu_order":4,"comment_status":"closed","ping_status":"closed","template":"","meta":[],"class_list":["post-5","page","type-page","status-publish","hentry"],"yoast_head":"<!-- This site is optimized with the Yoast SEO plugin v27.4 - https:\/\/yoast.com\/product\/yoast-seo-wordpress\/ -->\n<title>Contact - N\u00e9stor Lizalde<\/title>\n<meta name=\"description\" content=\"Contacta con N\u00e9stor Lizalde, artista new media especializado en esculturas electr\u00f3nicas, instalaciones de luz y arte p\u00fablico. Zaragoza, Espa\u00f1a\" \/>\n<meta name=\"robots\" content=\"index, follow, max-snippet:-1, max-image-preview:large, max-video-preview:-1\" \/>\n<link rel=\"canonical\" href=\"https:\/\/nestorlizalde.com\/en\/contact-us\/\" \/>\n<meta property=\"og:locale\" content=\"en_US\" \/>\n<meta property=\"og:type\" content=\"article\" \/>\n<meta property=\"og:title\" content=\"Contact - N\u00e9stor Lizalde\" \/>\n<meta property=\"og:description\" content=\"Contacta con N\u00e9stor Lizalde, artista new media especializado en esculturas electr\u00f3nicas, instalaciones de luz y arte p\u00fablico. Zaragoza, Espa\u00f1a\" \/>\n<meta property=\"og:url\" content=\"https:\/\/nestorlizalde.com\/en\/contact-us\/\" \/>\n<meta property=\"og:site_name\" content=\"N\u00e9stor Lizalde\" \/>\n<meta property=\"article:modified_time\" content=\"2026-04-02T18:15:14+00:00\" \/>\n<meta name=\"twitter:card\" content=\"summary_large_image\" \/>\n<meta name=\"twitter:label1\" content=\"Est. reading time\" \/>\n\t<meta name=\"twitter:data1\" content=\"1 minute\" \/>\n<script type=\"application\/ld+json\" class=\"yoast-schema-graph\">{\"@context\":\"https:\\\/\\\/schema.org\",\"@graph\":[{\"@type\":\"WebPage\",\"@id\":\"https:\\\/\\\/nestorlizalde.com\\\/en\\\/contact-us\\\/\",\"url\":\"https:\\\/\\\/nestorlizalde.com\\\/en\\\/contact-us\\\/\",\"name\":\"Contact - N\u00e9stor Lizalde\",\"isPartOf\":{\"@id\":\"https:\\\/\\\/nestorlizalde.com\\\/en\\\/#website\"},\"datePublished\":\"2018-09-12T06:15:32+00:00\",\"dateModified\":\"2026-04-02T18:15:14+00:00\",\"description\":\"Contacta con N\u00e9stor Lizalde, artista new media especializado en esculturas electr\u00f3nicas, instalaciones de luz y arte p\u00fablico. Zaragoza, Espa\u00f1a\",\"breadcrumb\":{\"@id\":\"https:\\\/\\\/nestorlizalde.com\\\/en\\\/contact-us\\\/#breadcrumb\"},\"inLanguage\":\"en-US\",\"potentialAction\":[{\"@type\":\"ReadAction\",\"target\":[[\"https:\\\/\\\/nestorlizalde.com\\\/en\\\/contact-us\\\/\"]]}]},{\"@type\":\"BreadcrumbList\",\"@id\":\"https:\\\/\\\/nestorlizalde.com\\\/en\\\/contact-us\\\/#breadcrumb\",\"itemListElement\":[{\"@type\":\"ListItem\",\"position\":1,\"name\":\"Portada\",\"item\":\"https:\\\/\\\/nestorlizalde.com\\\/en\\\/\"},{\"@type\":\"ListItem\",\"position\":2,\"name\":\"Contacto\"}]},{\"@type\":\"WebSite\",\"@id\":\"https:\\\/\\\/nestorlizalde.com\\\/en\\\/#website\",\"url\":\"https:\\\/\\\/nestorlizalde.com\\\/en\\\/\",\"name\":\"nestorlizalde.com\",\"description\":\"New media\",\"publisher\":{\"@id\":\"https:\\\/\\\/nestorlizalde.com\\\/en\\\/#\\\/schema\\\/person\\\/bf4ecfed437bdc215afc7e60af31541d\"},\"potentialAction\":[{\"@type\":\"SearchAction\",\"target\":{\"@type\":\"EntryPoint\",\"urlTemplate\":\"https:\\\/\\\/nestorlizalde.com\\\/en\\\/?s={search_term_string}\"},\"query-input\":{\"@type\":\"PropertyValueSpecification\",\"valueRequired\":true,\"valueName\":\"search_term_string\"}}],\"inLanguage\":\"en-US\"},{\"@type\":[\"Person\",\"Organization\"],\"@id\":\"https:\\\/\\\/nestorlizalde.com\\\/en\\\/#\\\/schema\\\/person\\\/bf4ecfed437bdc215afc7e60af31541d\",\"name\":\"N\u00e9stor Lizalde\",\"image\":{\"@type\":\"ImageObject\",\"inLanguage\":\"en-US\",\"@id\":\"https:\\\/\\\/nestorlizalde.com\\\/wp-content\\\/uploads\\\/2024\\\/05\\\/retratroCuadrado_3.jpg\",\"url\":\"https:\\\/\\\/nestorlizalde.com\\\/wp-content\\\/uploads\\\/2024\\\/05\\\/retratroCuadrado_3.jpg\",\"contentUrl\":\"https:\\\/\\\/nestorlizalde.com\\\/wp-content\\\/uploads\\\/2024\\\/05\\\/retratroCuadrado_3.jpg\",\"width\":1456,\"height\":1456,\"caption\":\"N\u00e9stor Lizalde\"},\"logo\":{\"@id\":\"https:\\\/\\\/nestorlizalde.com\\\/wp-content\\\/uploads\\\/2024\\\/05\\\/retratroCuadrado_3.jpg\"},\"sameAs\":[\"https:\\\/\\\/www.nestorlizalde.com\"]}]}<\/script>\n<!-- \/ Yoast SEO plugin. -->","yoast_head_json":{"title":"Contact - N\u00e9stor Lizalde","description":"Contacta con N\u00e9stor Lizalde, artista new media especializado en esculturas electr\u00f3nicas, instalaciones de luz y arte p\u00fablico. Zaragoza, Espa\u00f1a","robots":{"index":"index","follow":"follow","max-snippet":"max-snippet:-1","max-image-preview":"max-image-preview:large","max-video-preview":"max-video-preview:-1"},"canonical":"https:\/\/nestorlizalde.com\/en\/contact-us\/","og_locale":"en_US","og_type":"article","og_title":"Contact - N\u00e9stor Lizalde","og_description":"Contacta con N\u00e9stor Lizalde, artista new media especializado en esculturas electr\u00f3nicas, instalaciones de luz y arte p\u00fablico. Zaragoza, Espa\u00f1a","og_url":"https:\/\/nestorlizalde.com\/en\/contact-us\/","og_site_name":"N\u00e9stor Lizalde","article_modified_time":"2026-04-02T18:15:14+00:00","twitter_card":"summary_large_image","twitter_misc":{"Est. reading time":"1 minute"},"schema":{"@context":"https:\/\/schema.org","@graph":[{"@type":"WebPage","@id":"https:\/\/nestorlizalde.com\/en\/contact-us\/","url":"https:\/\/nestorlizalde.com\/en\/contact-us\/","name":"Contact - N\u00e9stor Lizalde","isPartOf":{"@id":"https:\/\/nestorlizalde.com\/en\/#website"},"datePublished":"2018-09-12T06:15:32+00:00","dateModified":"2026-04-02T18:15:14+00:00","description":"Contacta con N\u00e9stor Lizalde, artista new media especializado en esculturas electr\u00f3nicas, instalaciones de luz y arte p\u00fablico. Zaragoza, Espa\u00f1a","breadcrumb":{"@id":"https:\/\/nestorlizalde.com\/en\/contact-us\/#breadcrumb"},"inLanguage":"en-US","potentialAction":[{"@type":"ReadAction","target":[["https:\/\/nestorlizalde.com\/en\/contact-us\/"]]}]},{"@type":"BreadcrumbList","@id":"https:\/\/nestorlizalde.com\/en\/contact-us\/#breadcrumb","itemListElement":[{"@type":"ListItem","position":1,"name":"Portada","item":"https:\/\/nestorlizalde.com\/en\/"},{"@type":"ListItem","position":2,"name":"Contacto"}]},{"@type":"WebSite","@id":"https:\/\/nestorlizalde.com\/en\/#website","url":"https:\/\/nestorlizalde.com\/en\/","name":"nestorlizalde.com","description":"New media","publisher":{"@id":"https:\/\/nestorlizalde.com\/en\/#\/schema\/person\/bf4ecfed437bdc215afc7e60af31541d"},"potentialAction":[{"@type":"SearchAction","target":{"@type":"EntryPoint","urlTemplate":"https:\/\/nestorlizalde.com\/en\/?s={search_term_string}"},"query-input":{"@type":"PropertyValueSpecification","valueRequired":true,"valueName":"search_term_string"}}],"inLanguage":"en-US"},{"@type":["Person","Organization"],"@id":"https:\/\/nestorlizalde.com\/en\/#\/schema\/person\/bf4ecfed437bdc215afc7e60af31541d","name":"N\u00e9stor Lizalde","image":{"@type":"ImageObject","inLanguage":"en-US","@id":"https:\/\/nestorlizalde.com\/wp-content\/uploads\/2024\/05\/retratroCuadrado_3.jpg","url":"https:\/\/nestorlizalde.com\/wp-content\/uploads\/2024\/05\/retratroCuadrado_3.jpg","contentUrl":"https:\/\/nestorlizalde.com\/wp-content\/uploads\/2024\/05\/retratroCuadrado_3.jpg","width":1456,"height":1456,"caption":"N\u00e9stor Lizalde"},"logo":{"@id":"https:\/\/nestorlizalde.com\/wp-content\/uploads\/2024\/05\/retratroCuadrado_3.jpg"},"sameAs":["https:\/\/www.nestorlizalde.com"]}]}},"grid":"{\"colCount\":12,\"colGutter\":1,\"rowGutters\":[],\"frameMargin\":5,\"leftFrameMargin\":5,\"rightFrameMargin\":5,\"topFrameMargin\":0,\"bottomFrameMargin\":0,\"rowAttrs\":[{\"row100vh\":true,\"relid\":1}],\"bgColor\":\"#000000\",\"cont\":[{\"type\":\"text\",\"cont\":\"<p class=\\\"_Pie\\\" style=\\\"text-align: center;\\\"><a href=\\\"mailto:nestorlizalde@gmail.com\\\">nestorlizalde@gmail.com<\/a><\/p><p class=\\\"_Pie\\\" style=\\\"text-align: center;\\\"><span>\\u00a0+34 \\u202d659 751 761\\u202c\\u00a0<\/span><\/p><p class=\\\"_Pie\\\" style=\\\"text-align: center;\\\">-<\/p><p class=\\\"_Pie\\\" style=\\\"text-align: center;\\\"><a rel=\\\"noopener\\\" href=\\\"https:\/\/vimeo.com\/nestorlizalde\\\" target=\\\"_blank\\\">vimeo<\/a><\/p><p class=\\\"_Pie\\\" style=\\\"text-align: center;\\\"><a href=\\\"https:\/\/www.instagram.com\/nestorlizalde\/\\\">Instagram<\/a><\/p>\",\"align\":\"middle\",\"row\":0,\"col\":2,\"colspan\":8,\"offsetx\":0,\"offsety\":0,\"spaceabove\":0,\"spacebelow\":0,\"yvel\":1,\"push\":2,\"relid\":4,\"absolute_position\":true}]}","phonegrid":"","_links":{"self":[{"href":"https:\/\/nestorlizalde.com\/en\/wp-json\/wp\/v2\/pages\/5","targetHints":{"allow":["GET"]}}],"collection":[{"href":"https:\/\/nestorlizalde.com\/en\/wp-json\/wp\/v2\/pages"}],"about":[{"href":"https:\/\/nestorlizalde.com\/en\/wp-json\/wp\/v2\/types\/page"}],"author":[{"embeddable":true,"href":"https:\/\/nestorlizalde.com\/en\/wp-json\/wp\/v2\/users\/2"}],"replies":[{"embeddable":true,"href":"https:\/\/nestorlizalde.com\/en\/wp-json\/wp\/v2\/comments?post=5"}],"version-history":[{"count":0,"href":"https:\/\/nestorlizalde.com\/en\/wp-json\/wp\/v2\/pages\/5\/revisions"}],"wp:attachment":[{"href":"https:\/\/nestorlizalde.com\/en\/wp-json\/wp\/v2\/media?parent=5"}],"curies":[{"name":"wp","href":"https:\/\/api.w.org\/{rel}","templated":true}]}}